{"id":91,"date":"2025-07-27T20:04:47","date_gmt":"2025-07-27T18:04:47","guid":{"rendered":"http:\/\/zapachowe.com.pl\/?page_id=91"},"modified":"2025-08-12T20:05:12","modified_gmt":"2025-08-12T18:05:12","slug":"polityka-prywatnosci-2","status":"publish","type":"page","link":"https:\/\/domowyrytm.eu\/index.php\/polityka-prywatnosci-2\/","title":{"rendered":"Polityka prywatno\u015bci"},"content":{"rendered":"\t\t<div data-elementor-type=\"wp-page\" data-elementor-id=\"91\" class=\"elementor elementor-91\">\n\t\t\t\t<div class=\"elementor-element elementor-element-f552503 e-con-full e-flex e-con e-parent\" data-id=\"f552503\" data-element_type=\"container\" data-e-type=\"container\">\n\t\t\t\t<div class=\"elementor-element elementor-element-e86d68f elementor-widget elementor-widget-heading\" data-id=\"e86d68f\" data-element_type=\"widget\" data-e-type=\"widget\" data-widget_type=\"heading.default\">\n\t\t\t\t\t<h2 class=\"elementor-heading-title elementor-size-default\">1)Polityka prywatno\u015bci sklepi internetowego www.domowyrytm.eu<\/h2>\t\t\t\t<\/div>\n\t\t\t\t<div class=\"elementor-element elementor-element-8e1b908 elementor-widget elementor-widget-text-editor\" data-id=\"8e1b908\" data-element_type=\"widget\" data-e-type=\"widget\" data-widget_type=\"text-editor.default\">\n\t\t\t\t\t\t\t\t\t<h2 data-start=\"251\" data-end=\"313\"><a class=\"\" href=\"http:\/\/www.domowyrytm.eu\/\" target=\"_new\" rel=\"noopener\" data-start=\"296\" data-end=\"313\">www.domowyrytm.e<\/a><\/h2><h2 data-start=\"251\" data-end=\"313\">1. Informacje og\u00f3lne<\/h2><p data-start=\"394\" data-end=\"958\">Niniejszy dokument okre\u015bla zasady przetwarzania danych osobowych przez firm\u0119 <strong data-start=\"471\" data-end=\"486\">Domowy Rytm<\/strong> prowadzon\u0105 przez <strong data-start=\"504\" data-end=\"527\">Piotra Matusiewicza<\/strong>, z siedzib\u0105 w miejscowo\u015bci Go\u0142ostowice 24, 57-150 Prusy (dalej: \u201eAdministrator\u201d).<br data-start=\"609\" data-end=\"612\" \/>Jako administrator danych osobowych, w zwi\u0105zku z korzystaniem ze sklepu internetowego <strong data-start=\"698\" data-end=\"719\"><a class=\"\" href=\"http:\/\/www.domowyrytm.eu\/\" target=\"_new\" rel=\"noopener\" data-start=\"700\" data-end=\"717\">www.domowyrytm.eu<\/a><\/strong> (dalej: \u201eSklep\u201d), dok\u0142adamy wszelkich stara\u0144, aby przetwarzanie danych odbywa\u0142o si\u0119 w spos\u00f3b zgodny z obowi\u0105zuj\u0105cym prawem, w szczeg\u00f3lno\u015bci z Rozporz\u0105dzeniem Parlamentu Europejskiego i Rady (UE) 2016\/679 z dnia 27 kwietnia 2016 r. (RODO).<\/p><hr data-start=\"960\" data-end=\"963\" \/><h3 data-start=\"965\" data-end=\"1002\">2. Administrator danych osobowych<\/h3><p data-start=\"1003\" data-end=\"1135\">Administratorem danych osobowych u\u017cytkownik\u00f3w Sklepu jest <strong data-start=\"1061\" data-end=\"1082\">Piotr Matusiewicz<\/strong>.<br data-start=\"1083\" data-end=\"1086\" \/>Kontakt z Administratorem jest mo\u017cliwy poprzez:<\/p><ul data-start=\"1136\" data-end=\"1235\"><li data-start=\"1136\" data-end=\"1179\"><p data-start=\"1138\" data-end=\"1179\">adres e-mail: <strong data-start=\"1152\" data-end=\"1176\"><a class=\"cursor-pointer\" rel=\"noopener\" data-start=\"1154\" data-end=\"1174\">domowyrytm@gmail.com<\/a><\/strong>,<\/p><\/li><li data-start=\"1180\" data-end=\"1235\"><p data-start=\"1182\" data-end=\"1235\">adres korespondencyjny: Go\u0142ostowice 24, 57-150 Prusy.<\/p><\/li><\/ul><hr data-start=\"1237\" data-end=\"1240\" \/><h3 data-start=\"1242\" data-end=\"1292\">3. Cele i podstawy prawne przetwarzania danych<\/h3><p data-start=\"1293\" data-end=\"1365\">Dane osobowe u\u017cytkownik\u00f3w Sklepu s\u0105 przetwarzane w nast\u0119puj\u0105cych celach:<\/p><p data-start=\"1367\" data-end=\"1488\">a) <strong data-start=\"1370\" data-end=\"1411\">Zawarcie i realizacja umowy sprzeda\u017cy<\/strong> \u2013 na podstawie art. 6 ust. 1 lit. b RODO (niezb\u0119dno\u015b\u0107 do wykonania umowy).<\/p><p data-start=\"1490\" data-end=\"1635\">b) <strong data-start=\"1493\" data-end=\"1545\">Realizacja obowi\u0105zk\u00f3w podatkowych i rachunkowych<\/strong> \u2013 na podstawie art. 6 ust. 1 lit. c RODO (obowi\u0105zek prawny ci\u0105\u017c\u0105cy na Administratorze).<\/p><p data-start=\"1637\" data-end=\"1762\">c) <strong data-start=\"1640\" data-end=\"1685\">Obs\u0142uga zg\u0142osze\u0144 reklamacyjnych i zwrot\u00f3w<\/strong> \u2013 na podstawie art. 6 ust. 1 lit. b RODO (niezb\u0119dno\u015b\u0107 do wykonania umowy).<\/p><p data-start=\"1764\" data-end=\"1883\">d) <strong data-start=\"1767\" data-end=\"1806\">Prowadzenie konta klienta w Sklepie<\/strong> \u2013 na podstawie art. 6 ust. 1 lit. b RODO (niezb\u0119dno\u015b\u0107 do wykonania umowy).<\/p><p data-start=\"1764\" data-end=\"1883\">e) <strong data-start=\"1619\" data-end=\"1645\">Dzia\u0142ania marketingowe<\/strong> (np. newsletter) \u2013 art. 6 ust. 1 lit. a RODO (zgoda u\u017cytkownika).e) <strong data-start=\"1619\" data-end=\"1645\">Dzia\u0142ania marketingowe<\/strong> (np. newsletter) \u2013 art. 6 ust. 1 lit. a RODO (zgoda u\u017cytkownika).<\/p><h3 data-start=\"1718\" data-end=\"1740\">4. Odbiorcy danych<\/h3><p data-start=\"1741\" data-end=\"1778\">Dane osobowe mog\u0105 by\u0107 przekazywane:<\/p><ul data-start=\"1779\" data-end=\"2055\"><li data-start=\"1779\" data-end=\"1824\"><p data-start=\"1781\" data-end=\"1824\">firmom kurierskim i operatorom pocztowym,<\/p><\/li><li data-start=\"1825\" data-end=\"1864\"><p data-start=\"1827\" data-end=\"1864\">operatorom p\u0142atno\u015bci internetowych,<\/p><\/li><li data-start=\"1865\" data-end=\"1899\"><p data-start=\"1867\" data-end=\"1899\">dostawcom us\u0142ug IT i hostingu,<\/p><\/li><li data-start=\"1900\" data-end=\"1973\"><p data-start=\"1902\" data-end=\"1973\">biurom rachunkowym oraz podmiotom obs\u0142uguj\u0105cym dokumentacj\u0119 ksi\u0119gow\u0105,<\/p><\/li><li data-start=\"1974\" data-end=\"2055\"><p data-start=\"1976\" data-end=\"2055\">organom publicznym uprawnionym do otrzymania danych zgodnie z przepisami prawa.<\/p><\/li><\/ul><hr data-start=\"2057\" data-end=\"2060\" \/><h3 data-start=\"2062\" data-end=\"2096\">5. Okres przechowywania danych<\/h3><ul data-start=\"2097\" data-end=\"2414\"><li data-start=\"2097\" data-end=\"2246\"><p data-start=\"2099\" data-end=\"2246\">Dane zwi\u0105zane z realizacj\u0105 zam\u00f3wie\u0144 \u2013 przez okres niezb\u0119dny do wykonania umowy oraz do up\u0142ywu terminu przedawnienia roszcze\u0144 (maksymalnie 6 lat).<\/p><\/li><li data-start=\"2247\" data-end=\"2315\"><p data-start=\"2249\" data-end=\"2315\">Dane przetwarzane na podstawie zgody \u2013 do momentu jej wycofania.<\/p><\/li><li data-start=\"2316\" data-end=\"2414\"><p data-start=\"2318\" data-end=\"2414\">Dane wynikaj\u0105ce z przepis\u00f3w podatkowych \u2013 przez okres wymagany przepisami prawa (obecnie 5 lat).<\/p><\/li><\/ul><hr data-start=\"2416\" data-end=\"2419\" \/><h3 data-start=\"2421\" data-end=\"2460\">6. Prawa os\u00f3b, kt\u00f3rych dane dotycz\u0105<\/h3><p data-start=\"2461\" data-end=\"2492\">Ka\u017cdy u\u017cytkownik ma prawo do:<\/p><ul data-start=\"2493\" data-end=\"2799\"><li data-start=\"2493\" data-end=\"2522\"><p data-start=\"2495\" data-end=\"2522\">dost\u0119pu do swoich danych,<\/p><\/li><li data-start=\"2523\" data-end=\"2564\"><p data-start=\"2525\" data-end=\"2564\">sprostowania lub uzupe\u0142nienia danych,<\/p><\/li><li data-start=\"2565\" data-end=\"2586\"><p data-start=\"2567\" data-end=\"2586\">usuni\u0119cia danych,<\/p><\/li><li data-start=\"2587\" data-end=\"2618\"><p data-start=\"2589\" data-end=\"2618\">ograniczenia przetwarzania,<\/p><\/li><li data-start=\"2619\" data-end=\"2643\"><p data-start=\"2621\" data-end=\"2643\">przenoszenia danych,<\/p><\/li><li data-start=\"2644\" data-end=\"2696\"><p data-start=\"2646\" data-end=\"2696\">wniesienia sprzeciwu wobec przetwarzania danych,<\/p><\/li><li data-start=\"2697\" data-end=\"2737\"><p data-start=\"2699\" data-end=\"2737\">cofni\u0119cia zgody w dowolnym momencie,<\/p><\/li><li data-start=\"2738\" data-end=\"2799\"><p data-start=\"2740\" data-end=\"2799\">z\u0142o\u017cenia skargi do Prezesa Urz\u0119du Ochrony Danych Osobowych.<\/p><\/li><\/ul><hr data-start=\"2801\" data-end=\"2804\" \/><h3 data-start=\"2806\" data-end=\"2826\">7. Pliki cookies<\/h3><ol data-start=\"2827\" data-end=\"3176\"><li data-start=\"2827\" data-end=\"3091\"><p data-start=\"2830\" data-end=\"2871\">Sklep korzysta z plik\u00f3w cookies w celu:<\/p><ul data-start=\"2875\" data-end=\"3091\"><li data-start=\"2875\" data-end=\"2921\"><p data-start=\"2877\" data-end=\"2921\">zapewnienia prawid\u0142owego dzia\u0142ania strony,<\/p><\/li><li data-start=\"2925\" data-end=\"2986\"><p data-start=\"2927\" data-end=\"2986\">zapami\u0119tywania ustawie\u0144 u\u017cytkownika i zawarto\u015bci koszyka,<\/p><\/li><li data-start=\"2990\" data-end=\"3049\"><p data-start=\"2992\" data-end=\"3049\">prowadzenia statystyk odwiedzin (np. Google Analytics),<\/p><\/li><li data-start=\"3053\" data-end=\"3091\"><p data-start=\"3055\" data-end=\"3091\">realizacji dzia\u0142a\u0144 marketingowych.<\/p><\/li><\/ul><\/li><li data-start=\"3092\" data-end=\"3176\"><p data-start=\"3095\" data-end=\"3176\">U\u017cytkownik mo\u017ce w ka\u017cdej chwili zmieni\u0107 ustawienia cookies w swojej przegl\u0105darce.<\/p><\/li><\/ol><hr data-start=\"3178\" data-end=\"3181\" \/><h3 data-start=\"3183\" data-end=\"3217\">8. Zmiany polityki prywatno\u015bci<\/h3><p data-start=\"3218\" data-end=\"3396\">Administrator zastrzega sobie prawo do wprowadzania zmian w niniejszej polityce prywatno\u015bci, o czym poinformuje u\u017cytkownik\u00f3w poprzez opublikowanie nowej tre\u015bci na stronie Sklepu.<\/p><hr data-start=\"3398\" data-end=\"3401\" \/><h3 data-start=\"3403\" data-end=\"3417\">9. Kontakt<\/h3><p data-start=\"3418\" data-end=\"3543\">W sprawach zwi\u0105zanych z przetwarzaniem danych osobowych prosimy o kontakt:<br data-start=\"3492\" data-end=\"3495\" \/>\ud83d\udce7 <strong data-start=\"3498\" data-end=\"3522\"><a class=\"cursor-pointer\" rel=\"noopener\" data-start=\"3500\" data-end=\"3520\">domowyrytm@gmail.com<\/a><\/strong><br data-start=\"3522\" data-end=\"3525\" \/>\ud83d\udcde <strong data-start=\"3528\" data-end=\"3543\">793 603 774<\/strong><\/p><hr data-start=\"1885\" data-end=\"1888\" \/>\t\t\t\t\t\t\t\t<\/div>\n\t\t\t\t<\/div>\n\t\t\t\t<\/div>\n\t\t","protected":false},"excerpt":{"rendered":"<p>1)Polityka prywatno\u015bci sklepi internetowego www.domowyrytm.eu www.domowyrytm.e 1. Informacje og\u00f3lne Niniejszy dokument okre\u015bla zasady przetwarzania danych osobowych przez firm\u0119 Domowy Rytm prowadzon\u0105 przez Piotra Matusiewicza, z siedzib\u0105 w miejscowo\u015bci Go\u0142ostowice 24, 57-150 Prusy (dalej: \u201eAdministrator\u201d).Jako administrator danych osobowych, w zwi\u0105zku z korzystaniem ze sklepu internetowego www.domowyrytm.eu (dalej: \u201eSklep\u201d), dok\u0142adamy wszelkich stara\u0144, aby przetwarzanie danych odbywa\u0142o si\u0119 [&hellip;]<\/p>\n","protected":false},"author":1,"featured_media":0,"parent":0,"menu_order":0,"comment_status":"closed","ping_status":"closed","template":"","meta":{"ocean_post_layout":"","ocean_both_sidebars_style":"","ocean_both_sidebars_content_width":0,"ocean_both_sidebars_sidebars_width":0,"ocean_sidebar":"","ocean_second_sidebar":"","ocean_disable_margins":"enable","ocean_add_body_class":"","ocean_shortcode_before_top_bar":"","ocean_shortcode_after_top_bar":"","ocean_shortcode_before_header":"","ocean_shortcode_after_header":"","ocean_has_shortcode":"","ocean_shortcode_after_title":"","ocean_shortcode_before_footer_widgets":"","ocean_shortcode_after_footer_widgets":"","ocean_shortcode_before_footer_bottom":"","ocean_shortcode_after_footer_bottom":"","ocean_display_top_bar":"default","ocean_display_header":"default","ocean_header_style":"","ocean_center_header_left_menu":"","ocean_custom_header_template":"","ocean_custom_logo":0,"ocean_custom_retina_logo":0,"ocean_custom_logo_max_width":0,"ocean_custom_logo_tablet_max_width":0,"ocean_custom_logo_mobile_max_width":0,"ocean_custom_logo_max_height":0,"ocean_custom_logo_tablet_max_height":0,"ocean_custom_logo_mobile_max_height":0,"ocean_header_custom_menu":"","ocean_menu_typo_font_family":"","ocean_menu_typo_font_subset":"","ocean_menu_typo_font_size":0,"ocean_menu_typo_font_size_tablet":0,"ocean_menu_typo_font_size_mobile":0,"ocean_menu_typo_font_size_unit":"px","ocean_menu_typo_font_weight":"","ocean_menu_typo_font_weight_tablet":"","ocean_menu_typo_font_weight_mobile":"","ocean_menu_typo_transform":"","ocean_menu_typo_transform_tablet":"","ocean_menu_typo_transform_mobile":"","ocean_menu_typo_line_height":0,"ocean_menu_typo_line_height_tablet":0,"ocean_menu_typo_line_height_mobile":0,"ocean_menu_typo_line_height_unit":"","ocean_menu_typo_spacing":0,"ocean_menu_typo_spacing_tablet":0,"ocean_menu_typo_spacing_mobile":0,"ocean_menu_typo_spacing_unit":"","ocean_menu_link_color":"","ocean_menu_link_color_hover":"","ocean_menu_link_color_active":"","ocean_menu_link_background":"","ocean_menu_link_hover_background":"","ocean_menu_link_active_background":"","ocean_menu_social_links_bg":"","ocean_menu_social_hover_links_bg":"","ocean_menu_social_links_color":"","ocean_menu_social_hover_links_color":"","ocean_disable_title":"default","ocean_disable_heading":"default","ocean_post_title":"","ocean_post_subheading":"","ocean_post_title_style":"","ocean_post_title_background_color":"","ocean_post_title_background":0,"ocean_post_title_bg_image_position":"","ocean_post_title_bg_image_attachment":"","ocean_post_title_bg_image_repeat":"","ocean_post_title_bg_image_size":"","ocean_post_title_height":0,"ocean_post_title_bg_overlay":0.5,"ocean_post_title_bg_overlay_color":"","ocean_disable_breadcrumbs":"default","ocean_breadcrumbs_color":"","ocean_breadcrumbs_separator_color":"","ocean_breadcrumbs_links_color":"","ocean_breadcrumbs_links_hover_color":"","ocean_display_footer_widgets":"default","ocean_display_footer_bottom":"default","ocean_custom_footer_template":"","footnotes":""},"class_list":["post-91","page","type-page","status-publish","hentry","entry","owp-thumbs-layout-horizontal","owp-btn-normal","owp-tabs-layout-horizontal","has-no-thumbnails","has-product-nav"],"jetpack_sharing_enabled":true,"_links":{"self":[{"href":"https:\/\/domowyrytm.eu\/index.php\/wp-json\/wp\/v2\/pages\/91","targetHints":{"allow":["GET"]}}],"collection":[{"href":"https:\/\/domowyrytm.eu\/index.php\/wp-json\/wp\/v2\/pages"}],"about":[{"href":"https:\/\/domowyrytm.eu\/index.php\/wp-json\/wp\/v2\/types\/page"}],"author":[{"embeddable":true,"href":"https:\/\/domowyrytm.eu\/index.php\/wp-json\/wp\/v2\/users\/1"}],"replies":[{"embeddable":true,"href":"https:\/\/domowyrytm.eu\/index.php\/wp-json\/wp\/v2\/comments?post=91"}],"version-history":[{"count":6,"href":"https:\/\/domowyrytm.eu\/index.php\/wp-json\/wp\/v2\/pages\/91\/revisions"}],"predecessor-version":[{"id":448,"href":"https:\/\/domowyrytm.eu\/index.php\/wp-json\/wp\/v2\/pages\/91\/revisions\/448"}],"wp:attachment":[{"href":"https:\/\/domowyrytm.eu\/index.php\/wp-json\/wp\/v2\/media?parent=91"}],"curies":[{"name":"wp","href":"https:\/\/api.w.org\/{rel}","templated":true}]}}