{"id":93,"date":"2025-07-27T20:05:31","date_gmt":"2025-07-27T18:05:31","guid":{"rendered":"http:\/\/zapachowe.com.pl\/?page_id=93"},"modified":"2025-08-12T21:08:45","modified_gmt":"2025-08-12T19:08:45","slug":"polityka-zwrotow","status":"publish","type":"page","link":"https:\/\/domowyrytm.eu\/index.php\/polityka-zwrotow\/","title":{"rendered":"Polityka zwrot\u00f3w"},"content":{"rendered":"\t\t<div data-elementor-type=\"wp-page\" data-elementor-id=\"93\" class=\"elementor elementor-93\">\n\t\t\t\t<div class=\"elementor-element elementor-element-d7abd97 e-flex e-con-boxed e-con e-parent\" data-id=\"d7abd97\" data-element_type=\"container\" data-e-type=\"container\">\n\t\t\t\t\t<div class=\"e-con-inner\">\n\t\t\t\t<div class=\"elementor-element elementor-element-bfd1eff elementor-widget elementor-widget-heading\" data-id=\"bfd1eff\" data-element_type=\"widget\" data-e-type=\"widget\" data-widget_type=\"heading.default\">\n\t\t\t\t\t<h2 class=\"elementor-heading-title elementor-size-default\">Polityka zwrot\u00f3w-www.domowyrytm.eu<\/h2>\t\t\t\t<\/div>\n\t\t\t\t<div class=\"elementor-element elementor-element-c7aa51f elementor-widget elementor-widget-text-editor\" data-id=\"c7aa51f\" data-element_type=\"widget\" data-e-type=\"widget\" data-widget_type=\"text-editor.default\">\n\t\t\t\t\t\t\t\t\t<h3 data-start=\"295\" data-end=\"330\">1. Prawo odst\u0105pienia od umowy<\/h3><ol data-start=\"331\" data-end=\"912\"><li data-start=\"331\" data-end=\"724\"><p data-start=\"334\" data-end=\"724\">Klient b\u0119d\u0105cy konsumentem, a tak\u017ce osoba fizyczna zawieraj\u0105ca umow\u0119 bezpo\u015brednio zwi\u0105zan\u0105 z jej dzia\u0142alno\u015bci\u0105 gospodarcz\u0105, gdy z tre\u015bci tej umowy wynika, \u017ce nie posiada ona dla tej osoby charakteru zawodowego (zgodnie z art. 38a ustawy o prawach konsumenta), ma prawo odst\u0105pi\u0107 od umowy sprzeda\u017cy zawartej na odleg\u0142o\u015b\u0107 bez podania przyczyny w terminie <strong data-start=\"685\" data-end=\"695\">14 dni<\/strong> od dnia otrzymania towaru.<\/p><\/li><li data-start=\"725\" data-end=\"912\"><p data-start=\"728\" data-end=\"912\">W przypadku zam\u00f3wie\u0144 obejmuj\u0105cych wiele produkt\u00f3w, dostarczanych osobno, partiami lub w cz\u0119\u015bciach, termin do odst\u0105pienia od umowy biegnie od dnia otrzymania <strong data-start=\"885\" data-end=\"909\">ostatniego z towar\u00f3w<\/strong>.<\/p><\/li><\/ol><hr data-start=\"914\" data-end=\"917\" \/><h3 data-start=\"919\" data-end=\"967\">2. Spos\u00f3b skorzystania z prawa odst\u0105pienia<\/h3><ol data-start=\"968\" data-end=\"1730\"><li data-start=\"968\" data-end=\"1143\"><p data-start=\"971\" data-end=\"1143\">Aby skorzysta\u0107 z prawa odst\u0105pienia od umowy, Klient powinien z\u0142o\u017cy\u0107 <strong data-start=\"1039\" data-end=\"1068\">jednoznaczne o\u015bwiadczenie<\/strong> o odst\u0105pieniu, przesy\u0142aj\u0105c je na adres e-mail: <strong data-start=\"1116\" data-end=\"1140\"><a class=\"cursor-pointer\" rel=\"noopener\" data-start=\"1118\" data-end=\"1138\">domowyrytm@domek.com<\/a><\/strong>.<\/p><\/li><li data-start=\"1144\" data-end=\"1310\"><p data-start=\"1147\" data-end=\"1310\">Dla u\u0142atwienia Klient mo\u017ce skorzysta\u0107 z <strong data-start=\"1187\" data-end=\"1222\">formularza odst\u0105pienia od umowy<\/strong> dost\u0119pnego w stopce strony oraz przesy\u0142anego w wiadomo\u015bci e-mail po dokonaniu zakupu.<\/p><\/li><li data-start=\"1311\" data-end=\"1464\"><p data-start=\"1314\" data-end=\"1464\">Po z\u0142o\u017ceniu o\u015bwiadczenia, Klient jest zobowi\u0105zany odes\u0142a\u0107 towar <strong data-start=\"1378\" data-end=\"1404\">nie p\u00f3\u017aniej ni\u017c 14 dni<\/strong> od dnia poinformowania Sprzedawcy o odst\u0105pieniu od umowy.<\/p><\/li><li data-start=\"1465\" data-end=\"1536\"><p data-start=\"1468\" data-end=\"1536\">Adres do zwrotu towaru zostanie wskazany przez Sprzedawc\u0119 mailowo.<\/p><\/li><li data-start=\"1537\" data-end=\"1730\"><p data-start=\"1540\" data-end=\"1730\">W zale\u017cno\u015bci od rodzaju i \u017ar\u00f3d\u0142a zam\u00f3wienia, towar <strong data-start=\"1591\" data-end=\"1616\">nie mo\u017ce by\u0107 odes\u0142any<\/strong> do magazynu dostawcy lub punktu po\u015bredniego \u2013 wysy\u0142k\u0119 nale\u017cy kierowa\u0107 wy\u0142\u0105cznie na adres podany przez Sprzedawc\u0119.<\/p><\/li><\/ol><hr data-start=\"1732\" data-end=\"1735\" \/><h3 data-start=\"1737\" data-end=\"1759\">3. Koszty zwrotu<\/h3><ol data-start=\"1760\" data-end=\"2471\"><li data-start=\"1760\" data-end=\"1816\"><p data-start=\"1763\" data-end=\"1816\">Koszt odes\u0142ania towaru do Sprzedawcy ponosi Klient.<\/p><\/li><li data-start=\"1817\" data-end=\"1874\"><p data-start=\"1820\" data-end=\"1874\">Sprzedawca <strong data-start=\"1831\" data-end=\"1871\">nie przyjmuje przesy\u0142ek za pobraniem<\/strong>.<\/p><\/li><li data-start=\"1875\" data-end=\"2120\"><p data-start=\"1878\" data-end=\"2120\">W przypadku odst\u0105pienia od umowy, Sprzedawca zwraca Klientowi wszystkie otrzymane od niego p\u0142atno\u015bci, w tym koszty dostawy, <strong data-start=\"2002\" data-end=\"2037\">z wyj\u0105tkiem dodatkowych koszt\u00f3w<\/strong> wynikaj\u0105cych z wyboru przez Klienta innej ni\u017c najta\u0144sza oferowana forma dostawy.<\/p><\/li><li data-start=\"2121\" data-end=\"2283\"><p data-start=\"2124\" data-end=\"2283\">Zwrot p\u0142atno\u015bci nast\u0105pi w terminie <strong data-start=\"2159\" data-end=\"2172\">do 14 dni<\/strong> od dnia otrzymania zwracanego towaru lub dowodu jego odes\u0142ania \u2013 w zale\u017cno\u015bci od tego, co nast\u0105pi wcze\u015bniej.<\/p><\/li><li data-start=\"2284\" data-end=\"2471\"><p data-start=\"2287\" data-end=\"2471\">Zwrot \u015brodk\u00f3w zostanie dokonany przy u\u017cyciu <strong data-start=\"2331\" data-end=\"2364\">tego samego sposobu p\u0142atno\u015bci<\/strong>, kt\u00f3ry zosta\u0142 u\u017cyty przez Klienta przy zakupie, chyba \u017ce Klient wyra\u017anie zgodzi si\u0119 na inny spos\u00f3b zwrotu.<\/p><\/li><\/ol><hr data-start=\"2473\" data-end=\"2476\" \/><h3 data-start=\"2478\" data-end=\"2515\">4. Wyj\u0105tki od prawa odst\u0105pienia<\/h3><p data-start=\"2516\" data-end=\"2593\">Prawo odst\u0105pienia od umowy nie przys\u0142uguje Klientowi w odniesieniu do um\u00f3w:<\/p><ol data-start=\"2594\" data-end=\"3767\"><li data-start=\"2594\" data-end=\"2793\"><p data-start=\"2597\" data-end=\"2793\">o \u015bwiadczenie us\u0142ug, je\u017celi Sprzedawca wykona\u0142 us\u0142ug\u0119 w pe\u0142ni za wyra\u017an\u0105 zgod\u0105 Klienta, kt\u00f3ry zosta\u0142 poinformowany przed rozpocz\u0119ciem \u015bwiadczenia, \u017ce po jego spe\u0142nieniu utraci prawo odst\u0105pienia,<\/p><\/li><li data-start=\"2794\" data-end=\"2999\"><p data-start=\"2797\" data-end=\"2999\">w kt\u00f3rych przedmiotem \u015bwiadczenia jest towar <strong data-start=\"2842\" data-end=\"2863\">nieprefabrykowany<\/strong>, wyprodukowany wed\u0142ug specyfikacji Klienta lub s\u0142u\u017c\u0105cy zaspokojeniu jego zindywidualizowanych potrzeb (np. personalizowane produkty),<\/p><\/li><li data-start=\"3000\" data-end=\"3227\"><p data-start=\"3003\" data-end=\"3227\">w kt\u00f3rych przedmiotem \u015bwiadczenia jest towar dostarczany w zapiecz\u0119towanym opakowaniu, kt\u00f3rego po otwarciu nie mo\u017cna zwr\u00f3ci\u0107 ze wzgl\u0119d\u00f3w higienicznych lub ochrony zdrowia, je\u017celi opakowanie zosta\u0142o otwarte po dostarczeniu,<\/p><\/li><li data-start=\"3228\" data-end=\"3379\"><p data-start=\"3231\" data-end=\"3379\">w kt\u00f3rych przedmiotem \u015bwiadczenia s\u0105 rzeczy, kt\u00f3re po dostarczeniu ze wzgl\u0119du na sw\u00f3j charakter zostaj\u0105 nieroz\u0142\u0105cznie po\u0142\u0105czone z innymi rzeczami,<\/p><\/li><li data-start=\"3380\" data-end=\"3568\"><p data-start=\"3383\" data-end=\"3568\">w kt\u00f3rych przedmiotem \u015bwiadczenia s\u0105 nagrania d\u017awi\u0119kowe, wizualne lub programy komputerowe dostarczane w zapiecz\u0119towanym opakowaniu, je\u017celi opakowanie zosta\u0142o otwarte po dostarczeniu,<\/p><\/li><li data-start=\"3569\" data-end=\"3767\"><p data-start=\"3572\" data-end=\"3767\">o dostarczanie tre\u015bci cyfrowych, kt\u00f3re nie s\u0105 zapisane na no\u015bniku materialnym, je\u017celi spe\u0142nianie \u015bwiadczenia rozpocz\u0119\u0142o si\u0119 za wyra\u017an\u0105 zgod\u0105 Klienta przed up\u0142ywem terminu do odst\u0105pienia od umowy.<\/p><\/li><\/ol><hr data-start=\"3769\" data-end=\"3772\" \/><h3 data-start=\"3774\" data-end=\"3804\">5. Postanowienia ko\u0144cowe<\/h3><ol data-start=\"3805\" data-end=\"4214\"><li data-start=\"3805\" data-end=\"3901\"><p data-start=\"3808\" data-end=\"3901\">Niniejsza Polityka zwrot\u00f3w stanowi cz\u0119\u015b\u0107 Regulaminu Sklepu Internetowego <a class=\"\" href=\"http:\/\/www.domowyrytm.eu\/\" target=\"_new\" rel=\"noopener\" data-start=\"3881\" data-end=\"3898\">www.domowyrytm.eu<\/a>.<\/p><\/li><li data-start=\"3902\" data-end=\"4057\"><p data-start=\"3905\" data-end=\"4057\">W sprawach nieuregulowanych w niniejszym dokumencie zastosowanie maj\u0105 przepisy prawa polskiego, w tym ustawa o prawach konsumenta oraz Kodeks cywilny.<\/p><\/li><li data-start=\"4058\" data-end=\"4214\"><p data-start=\"4061\" data-end=\"4214\">Sprzedawca zastrzega sobie prawo do zmiany niniejszej Polityki zwrot\u00f3w, o czym poinformuje Klient\u00f3w poprzez opublikowanie nowej tre\u015bci na stronie Sklepu.<\/p><\/li><\/ol>\t\t\t\t\t\t\t\t<\/div>\n\t\t\t\t\t<\/div>\n\t\t\t\t<\/div>\n\t\t\t\t<\/div>\n\t\t","protected":false},"excerpt":{"rendered":"<p>Polityka zwrot\u00f3w-www.domowyrytm.eu 1. Prawo odst\u0105pienia od umowy Klient b\u0119d\u0105cy konsumentem, a tak\u017ce osoba fizyczna zawieraj\u0105ca umow\u0119 bezpo\u015brednio zwi\u0105zan\u0105 z jej dzia\u0142alno\u015bci\u0105 gospodarcz\u0105, gdy z tre\u015bci tej umowy wynika, \u017ce nie posiada ona dla tej osoby charakteru zawodowego (zgodnie z art. 38a ustawy o prawach konsumenta), ma prawo odst\u0105pi\u0107 od umowy sprzeda\u017cy zawartej na odleg\u0142o\u015b\u0107 bez [&hellip;]<\/p>\n","protected":false},"author":1,"featured_media":0,"parent":0,"menu_order":0,"comment_status":"closed","ping_status":"closed","template":"","meta":{"ocean_post_layout":"","ocean_both_sidebars_style":"","ocean_both_sidebars_content_width":0,"ocean_both_sidebars_sidebars_width":0,"ocean_sidebar":"","ocean_second_sidebar":"","ocean_disable_margins":"enable","ocean_add_body_class":"","ocean_shortcode_before_top_bar":"","ocean_shortcode_after_top_bar":"","ocean_shortcode_before_header":"","ocean_shortcode_after_header":"","ocean_has_shortcode":"","ocean_shortcode_after_title":"","ocean_shortcode_before_footer_widgets":"","ocean_shortcode_after_footer_widgets":"","ocean_shortcode_before_footer_bottom":"","ocean_shortcode_after_footer_bottom":"","ocean_display_top_bar":"default","ocean_display_header":"default","ocean_header_style":"","ocean_center_header_left_menu":"","ocean_custom_header_template":"","ocean_custom_logo":0,"ocean_custom_retina_logo":0,"ocean_custom_logo_max_width":0,"ocean_custom_logo_tablet_max_width":0,"ocean_custom_logo_mobile_max_width":0,"ocean_custom_logo_max_height":0,"ocean_custom_logo_tablet_max_height":0,"ocean_custom_logo_mobile_max_height":0,"ocean_header_custom_menu":"","ocean_menu_typo_font_family":"","ocean_menu_typo_font_subset":"","ocean_menu_typo_font_size":0,"ocean_menu_typo_font_size_tablet":0,"ocean_menu_typo_font_size_mobile":0,"ocean_menu_typo_font_size_unit":"px","ocean_menu_typo_font_weight":"","ocean_menu_typo_font_weight_tablet":"","ocean_menu_typo_font_weight_mobile":"","ocean_menu_typo_transform":"","ocean_menu_typo_transform_tablet":"","ocean_menu_typo_transform_mobile":"","ocean_menu_typo_line_height":0,"ocean_menu_typo_line_height_tablet":0,"ocean_menu_typo_line_height_mobile":0,"ocean_menu_typo_line_height_unit":"","ocean_menu_typo_spacing":0,"ocean_menu_typo_spacing_tablet":0,"ocean_menu_typo_spacing_mobile":0,"ocean_menu_typo_spacing_unit":"","ocean_menu_link_color":"","ocean_menu_link_color_hover":"","ocean_menu_link_color_active":"","ocean_menu_link_background":"","ocean_menu_link_hover_background":"","ocean_menu_link_active_background":"","ocean_menu_social_links_bg":"","ocean_menu_social_hover_links_bg":"","ocean_menu_social_links_color":"","ocean_menu_social_hover_links_color":"","ocean_disable_title":"default","ocean_disable_heading":"default","ocean_post_title":"","ocean_post_subheading":"","ocean_post_title_style":"","ocean_post_title_background_color":"","ocean_post_title_background":0,"ocean_post_title_bg_image_position":"","ocean_post_title_bg_image_attachment":"","ocean_post_title_bg_image_repeat":"","ocean_post_title_bg_image_size":"","ocean_post_title_height":0,"ocean_post_title_bg_overlay":0.5,"ocean_post_title_bg_overlay_color":"","ocean_disable_breadcrumbs":"default","ocean_breadcrumbs_color":"","ocean_breadcrumbs_separator_color":"","ocean_breadcrumbs_links_color":"","ocean_breadcrumbs_links_hover_color":"","ocean_display_footer_widgets":"default","ocean_display_footer_bottom":"default","ocean_custom_footer_template":"","footnotes":""},"class_list":["post-93","page","type-page","status-publish","hentry","entry","owp-thumbs-layout-horizontal","owp-btn-normal","owp-tabs-layout-horizontal","has-no-thumbnails","has-product-nav"],"jetpack_sharing_enabled":true,"_links":{"self":[{"href":"https:\/\/domowyrytm.eu\/index.php\/wp-json\/wp\/v2\/pages\/93","targetHints":{"allow":["GET"]}}],"collection":[{"href":"https:\/\/domowyrytm.eu\/index.php\/wp-json\/wp\/v2\/pages"}],"about":[{"href":"https:\/\/domowyrytm.eu\/index.php\/wp-json\/wp\/v2\/types\/page"}],"author":[{"embeddable":true,"href":"https:\/\/domowyrytm.eu\/index.php\/wp-json\/wp\/v2\/users\/1"}],"replies":[{"embeddable":true,"href":"https:\/\/domowyrytm.eu\/index.php\/wp-json\/wp\/v2\/comments?post=93"}],"version-history":[{"count":4,"href":"https:\/\/domowyrytm.eu\/index.php\/wp-json\/wp\/v2\/pages\/93\/revisions"}],"predecessor-version":[{"id":452,"href":"https:\/\/domowyrytm.eu\/index.php\/wp-json\/wp\/v2\/pages\/93\/revisions\/452"}],"wp:attachment":[{"href":"https:\/\/domowyrytm.eu\/index.php\/wp-json\/wp\/v2\/media?parent=93"}],"curies":[{"name":"wp","href":"https:\/\/api.w.org\/{rel}","templated":true}]}}